{"id":21,"date":"2018-09-10T01:51:10","date_gmt":"2018-09-10T01:51:10","guid":{"rendered":"https:\/\/www.ideomedia.com\/eng\/?page_id=21"},"modified":"2025-06-07T18:33:05","modified_gmt":"2025-06-07T18:33:05","slug":"about-marc","status":"publish","type":"page","link":"https:\/\/www.ideomedia.com\/eng\/about-marc\/","title":{"rendered":"About Marc Keelan-Bishop"},"content":{"rendered":"<div class=\"wp-block-image is-style-default\">\n<figure class=\"alignleft is-resized\"><img decoding=\"async\" src=\"https:\/\/www.ideomedia.com\/eng\/wp-content\/uploads\/2018\/09\/MarcHead_Engine3.png\" alt=\"Illustrator Marc Keelan-Bishop\" class=\"wp-image-1719\" style=\"width:369px;height:auto\"\/><\/figure>\n<\/div>\n\n\n<p>Marc Keelan-Bishop&#8217;s studio is exactly 17 steps from the coffee pot, and faces the beautiful Bay of Quinte in Prince Edward&nbsp;<span class=\"text_exposed_show\">County, Ontario, Canada. His bright, crisp art has graced many posters, as well as&nbsp;magazines, books, video games and all corners of the internet. He&#8217;s also&nbsp;the creator of the popular series <a href=\"http:\/\/www.CountyPosters.com\">County Posters<\/a>&nbsp;and <a href=\"http:\/\/www.lesrebelles.ca\/english\">400 years of francophone rebels in Ontario<\/a>.<\/span><\/p>\n\n\n\n<p><span class=\"text_exposed_show\">With life-long experience as an artist and post-secondary training as a journalist, he&#8217;s crafted a career focused on communicating complex information with revelatory illustrations and distilled language.&nbsp;<\/span><\/p>\n\n\n\n<p>His first grown-up illustration gig was at TVOntario, where he was responsible for creating the first iteration of the award-winning&nbsp;<a title=\"TVOKids.com web site\" href=\"http:\/\/www.tvokids.com\" target=\"_blank\" rel=\"noopener\">TVOKids.com web site<\/a>. Since then, Marc has been seen around the halls of the&nbsp;<a title=\"CBC\" href=\"http:\/\/www.cbckids.com\" target=\"_blank\" rel=\"noopener\">CBC<\/a>,&nbsp;<a title=\"Dairy Farmers of Canada\" href=\"http:\/\/www.teachnutrition.org\" target=\"_blank\" rel=\"noopener\">Dairy Farmers of Canada<\/a>, Tumblebooks&nbsp;and the&nbsp;<a title=\"The Hospital for Sick Children\" href=\"http:\/\/www.aboutkidshealth.ca\" target=\"_blank\" rel=\"noopener\">The Hospital for Sick Children<\/a>.<\/p>\n\n\n\n<p>Marc&#8217;s illustrations have dolled up five french-language chapter books for kids 8-12, all by <a title=\"Mireille Messier\" href=\"http:\/\/www.mireille.ca\">Mireille Messier<\/a>:&nbsp;<a title=\"Une Twiga \u00e0 Ottawa\" href=\"http:\/\/www.ideomedia.com\/english\/?project=234\" target=\"_blank\" rel=\"noopener\">Une Twiga \u00e0 Ottawa<\/a>,&nbsp;<a title=\"D\u00e9clic \u00e0 Toronto\" href=\"http:\/\/www.ideomedia.com\/english\/?project=102\" target=\"_blank\" rel=\"noopener\">D\u00e9clic \u00e0 Toronto<\/a>,&nbsp;<a title=\"Coupe et soucoupe \u00e0 Sudbury\" href=\"http:\/\/www.ideomedia.com\/english\/?project=247\" target=\"_blank\" rel=\"noopener\">Coupe et soucoupe \u00e0 Sudbury<\/a>,&nbsp;<a title=\"Coup de th\u00e9\u00e2tre \u00e0 Stratford\" href=\"http:\/\/www.ideomedia.com\/english\/?project=coup-de-theatre-a-stratford\" target=\"_blank\" rel=\"noopener\">Coup de th\u00e9\u00e2tre \u00e0 Stratford<\/a>, and the latest, &nbsp;<a title=\"Embrouilles \u00e0 Embrun\" href=\"http:\/\/www.ideomedia.com\/english\/project\/embrouilles-a-embrun\/\">Embrouilles \u00e0 Embrun<\/a>.<\/p>\n\n\n<div class=\"one_half column\"><\/p>\n\n\n\n<figure class=\"wp-block-image size-full is-resized alignnone\"><a href=\"https:\/\/l-express.ca\/marc-keelan-bishop-lillustrateur-de-la-resistance\/\"><img loading=\"lazy\" decoding=\"async\" width=\"618\" height=\"617\" src=\"https:\/\/www.ideomedia.com\/eng\/wp-content\/uploads\/2025\/06\/Screenshot-2025-06-07-at-14.27.09.png\" alt=\"\" class=\"wp-image-2309\" style=\"width:290px\" srcset=\"https:\/\/www.ideomedia.com\/eng\/wp-content\/uploads\/2025\/06\/Screenshot-2025-06-07-at-14.27.09.png 618w, https:\/\/www.ideomedia.com\/eng\/wp-content\/uploads\/2025\/06\/Screenshot-2025-06-07-at-14.27.09-300x300.png 300w, https:\/\/www.ideomedia.com\/eng\/wp-content\/uploads\/2025\/06\/Screenshot-2025-06-07-at-14.27.09-150x150.png 150w, https:\/\/www.ideomedia.com\/eng\/wp-content\/uploads\/2025\/06\/Screenshot-2025-06-07-at-14.27.09-100x100.png 100w, https:\/\/www.ideomedia.com\/eng\/wp-content\/uploads\/2025\/06\/Screenshot-2025-06-07-at-14.27.09-50x50.png 50w, https:\/\/www.ideomedia.com\/eng\/wp-content\/uploads\/2025\/06\/Screenshot-2025-06-07-at-14.27.09-220x220.png 220w\" sizes=\"auto, (max-width: 618px) 100vw, 618px\" \/><\/a><figcaption class=\"wp-element-caption\"><strong>Marc Keelan-Bishop, Illustrateur de la r\u00e9sistance<\/strong><\/figcaption><\/figure>\n\n\n\n<figure class=\"wp-block-image is-resized alignnone\"><a href=\"http:\/\/ici.radio-canada.ca\/regions\/ontario\/2015\/10\/27\/001-affiches-francophonie-400-ans.shtml\"><img decoding=\"async\" src=\"https:\/\/www.ideomedia.com\/eng\/wp-content\/uploads\/2018\/09\/image-2.png\" alt=\"radio-canada\" class=\"wp-image-951\" style=\"width:290px\"\/><\/a><figcaption class=\"wp-element-caption\"><strong>Radio-Canada &#8211; Rebelles et fiers de l&#8217;\u00eatre<\/strong><\/figcaption><\/figure>\n\n\n\n<figure class=\"wp-block-image alignnone\"><a href=\"http:\/\/www.huffingtonpost.ca\/2014\/04\/30\/fair-elections-act_n_5242648.html\"><img decoding=\"async\" src=\"https:\/\/www.ideomedia.com\/eng\/wp-content\/uploads\/2018\/09\/image-6.png\" alt=\"huffingtonpost\" class=\"wp-image-950\"\/><\/a><figcaption class=\"wp-element-caption\"><strong>Huffington Post &#8211;&nbsp;Fair Elections Act<\/strong><\/figcaption><\/figure>\n\n\n\n<p><\/div>\n\n\n<div class=\"one_half column last\"><\/p>\n\n\n\n<figure class=\"wp-block-image size-full is-resized alignnone\"><a href=\"https:\/\/onfr.tfo.org\/dix-franco-ontariens-qui-ont-marque-lannee-2018\/\"><img loading=\"lazy\" decoding=\"async\" width=\"999\" height=\"891\" src=\"https:\/\/www.ideomedia.com\/eng\/wp-content\/uploads\/2025\/06\/Screenshot-2025-06-07-at-14.00.57.png\" alt=\"\" class=\"wp-image-2303\" style=\"width:290px\" srcset=\"https:\/\/www.ideomedia.com\/eng\/wp-content\/uploads\/2025\/06\/Screenshot-2025-06-07-at-14.00.57.png 999w, https:\/\/www.ideomedia.com\/eng\/wp-content\/uploads\/2025\/06\/Screenshot-2025-06-07-at-14.00.57-300x268.png 300w, https:\/\/www.ideomedia.com\/eng\/wp-content\/uploads\/2025\/06\/Screenshot-2025-06-07-at-14.00.57-768x685.png 768w, https:\/\/www.ideomedia.com\/eng\/wp-content\/uploads\/2025\/06\/Screenshot-2025-06-07-at-14.00.57-220x196.png 220w\" sizes=\"auto, (max-width: 999px) 100vw, 999px\" \/><\/a><figcaption class=\"wp-element-caption\"><strong>ONFR &#8211; Dix Franco-Ontariens qui ont marqu\u00e9 l&#8217;ann\u00e9e 2018<\/strong><\/figcaption><\/figure>\n\n\n\n<figure class=\"wp-block-image size-full is-resized alignnone\"><a href=\"https:\/\/francopresse.ca\/francophonie\/2019\/12\/19\/palmares-francopresse-des-personnalites-influentes-de-2019-la-presse-souligne-les-gestes-et-la-fierte-du-quotidien\/\"><img loading=\"lazy\" decoding=\"async\" width=\"859\" height=\"742\" src=\"https:\/\/www.ideomedia.com\/eng\/wp-content\/uploads\/2025\/06\/Screenshot-2025-06-07-at-14.09.57.png\" alt=\"\" class=\"wp-image-2306\" style=\"width:290px\" srcset=\"https:\/\/www.ideomedia.com\/eng\/wp-content\/uploads\/2025\/06\/Screenshot-2025-06-07-at-14.09.57.png 859w, https:\/\/www.ideomedia.com\/eng\/wp-content\/uploads\/2025\/06\/Screenshot-2025-06-07-at-14.09.57-300x259.png 300w, https:\/\/www.ideomedia.com\/eng\/wp-content\/uploads\/2025\/06\/Screenshot-2025-06-07-at-14.09.57-768x663.png 768w, https:\/\/www.ideomedia.com\/eng\/wp-content\/uploads\/2025\/06\/Screenshot-2025-06-07-at-14.09.57-220x190.png 220w\" sizes=\"auto, (max-width: 859px) 100vw, 859px\" \/><\/a><figcaption class=\"wp-element-caption\"><strong>Francopresse &#8211; Personnalit\u00e9 influentes de la francophonie canadienne.<\/strong><\/figcaption><\/figure>\n\n\n\n<figure class=\"wp-block-image is-resized alignnone\"><a href=\"http:\/\/wellingtontimes.ca\/art-of-the-county\/\"><img decoding=\"async\" src=\"https:\/\/www.ideomedia.com\/eng\/wp-content\/uploads\/2018\/09\/image-4.png\" alt=\"wellingtontimes\" class=\"wp-image-952\" style=\"width:290px\"\/><\/a><figcaption class=\"wp-element-caption\"><strong>The Wellington Times<\/strong> <strong>&#8211; Art of the County<\/strong><\/figcaption><\/figure>\n\n\n\n<p><\/div><div class=\"clearboth\"><\/div>\n","protected":false},"excerpt":{"rendered":"<p>Marc Keelan-Bishop&#8217;s studio is exactly 17 steps from the coffee pot, and faces the beautiful Bay of Quinte in Prince Edward&nbsp;County, Ontario, Canada. His bright, crisp art has graced many posters, as well as&nbsp;magazines, books, video games and all corners of the internet. He&#8217;s also&nbsp;the creator of the popular series County Posters&nbsp;and 400 years of [&hellip;]<\/p>\n","protected":false},"author":1,"featured_media":0,"parent":0,"menu_order":0,"comment_status":"closed","ping_status":"closed","template":"","meta":{"footnotes":""},"class_list":["post-21","page","type-page","status-publish","hentry"],"_links":{"self":[{"href":"https:\/\/www.ideomedia.com\/eng\/wp-json\/wp\/v2\/pages\/21","targetHints":{"allow":["GET"]}}],"collection":[{"href":"https:\/\/www.ideomedia.com\/eng\/wp-json\/wp\/v2\/pages"}],"about":[{"href":"https:\/\/www.ideomedia.com\/eng\/wp-json\/wp\/v2\/types\/page"}],"author":[{"embeddable":true,"href":"https:\/\/www.ideomedia.com\/eng\/wp-json\/wp\/v2\/users\/1"}],"replies":[{"embeddable":true,"href":"https:\/\/www.ideomedia.com\/eng\/wp-json\/wp\/v2\/comments?post=21"}],"version-history":[{"count":9,"href":"https:\/\/www.ideomedia.com\/eng\/wp-json\/wp\/v2\/pages\/21\/revisions"}],"predecessor-version":[{"id":2313,"href":"https:\/\/www.ideomedia.com\/eng\/wp-json\/wp\/v2\/pages\/21\/revisions\/2313"}],"wp:attachment":[{"href":"https:\/\/www.ideomedia.com\/eng\/wp-json\/wp\/v2\/media?parent=21"}],"curies":[{"name":"wp","href":"https:\/\/api.w.org\/{rel}","templated":true}]}}