{"id":21,"date":"2018-09-10T01:51:10","date_gmt":"2018-09-10T01:51:10","guid":{"rendered":"https:\/\/www.ideomedia.com\/eng\/?page_id=21"},"modified":"2019-04-06T14:36:13","modified_gmt":"2019-04-06T14:36:13","slug":"qui-est-marc","status":"publish","type":"page","link":"https:\/\/www.ideomedia.com\/fr\/qui-est-marc\/","title":{"rendered":"Qui est Marc?"},"content":{"rendered":"<p><img loading=\"lazy\" decoding=\"async\" class=\"alignright wp-image-1719\" src=\"https:\/\/www.ideomedia.com\/eng\/wp-content\/uploads\/2018\/09\/MarcHead_Engine3.png\" alt=\"\" width=\"294\" height=\"294\" \/><\/p>\n<p>Le studio de l\u2019illustrateur Marc Keelan-Bishop se trouve \u00e0 17 pas de la cafeti\u00e8re, avec une grande fen\u00eatre qui donne sur La Baie de Quinte, Comt\u00e9 de Prince Edward. De l\u00e0, il cr\u00e9e des illustrations \u00e9clatantes et distinctives qui communiquent. Cr\u00e9ateur de la s\u00e9rie d\u2019affiches \u00ab400 ans de rebelles francophones en Ontario\u00bb, on trouve aussi ses images sur des affiches, revues, romans, jeux vid\u00e9o ainsi qu\u2019aux quatre coins de l\u2019internet.<\/p>\n<p>Marc\u00a0a cr\u00e9\u00e9 sa premi\u00e8re compagnie lorsqu\u2019il n\u2019avait que six ans. Il se sp\u00e9cialisait alors en affiches pour les ventes de hotdogs.<\/p>\n<p>Plus tard, Marc a gravi les \u00e9chellons de TVOntario, premi\u00e8rement \u00e0 titre d\u2019illustrateur puis, comme responsable et directeur cr\u00e9atif du site prim\u00e9 de TVOKids.com. Parmis sa brochette de clients les plus r\u00e9cents, Marc compte CBC, The Hospital for Sick Children, Canadian Parents for French, la ville d&#8217;Ottawa, \u00a0l&#8217;Assembl\u00e9e de la francophonie de l&#8217;Ontario et Les Producteurs laitiers du Canada.<\/p>\n<div class=\"one_half column\">\n<div id=\"attachment_950\" style=\"width: 310px\" class=\"wp-caption alignnone\"><a href=\"https:\/\/onfr.tfo.org\/marc-keelan-bishop-illustrateur-militant\/\"><img loading=\"lazy\" decoding=\"async\" aria-describedby=\"caption-attachment-950\" class=\"wp-image-950 size-full\" src=\"https:\/\/www.ideomedia.com\/fr\/wp-content\/uploads\/2019\/04\/Screen-Shot-2019-04-06-at-10.00.48-AM.png\" alt=\"ONFR\" width=\"300\" height=\"253\" border=\"2\" \/><\/a><p id=\"caption-attachment-950\" class=\"wp-caption-text\"><strong>Marc Keelan-Bishop, illustrateur militant.<\/strong><\/p><\/div>\n<div id=\"attachment_950\" style=\"width: 310px\" class=\"wp-caption alignnone\"><a href=\"https:\/\/ici.radio-canada.ca\/nouvelle\/1141696\/bricolage-noel-mobilisation-francophonie-ontario\"><img loading=\"lazy\" decoding=\"async\" aria-describedby=\"caption-attachment-950\" class=\"wp-image-950 size-full\" src=\"https:\/\/www.ideomedia.com\/fr\/wp-content\/uploads\/2019\/04\/Screen-Shot-2019-04-06-at-10.13.27-AM.png\" alt=\"huffingtonpost\" width=\"300\" height=\"253\" border=\"2\" \/><\/a><p id=\"caption-attachment-950\" class=\"wp-caption-text\"><strong>Mobiliser les Franco-Ontariens gr\u00e2ce \u00e0 des d\u00e9corations de No\u00ebl<\/strong><\/p><\/div>\n<div id=\"attachment_952\" style=\"width: 310px\" class=\"wp-caption alignnone\"><a href=\"http:\/\/wellingtontimes.ca\/art-of-the-county\/\"><img loading=\"lazy\" decoding=\"async\" aria-describedby=\"caption-attachment-952\" class=\"wp-image-948 size-full\" src=\"https:\/\/www.ideomedia.com\/eng\/wp-content\/uploads\/2018\/09\/image-4.png\" alt=\"wellingtontimes\" width=\"300\" height=\"236\" border=\"2\" \/><\/a><p id=\"caption-attachment-952\" class=\"wp-caption-text\"><strong>The Wellington Times<\/strong> <strong>&#8211; Art of the County<\/strong><\/p><\/div>\n<div id=\"attachment_951\" style=\"width: 310px\" class=\"wp-caption alignnone\"><a href=\"http:\/\/ici.radio-canada.ca\/regions\/ontario\/2015\/10\/27\/001-affiches-francophonie-400-ans.shtml\"><img loading=\"lazy\" decoding=\"async\" aria-describedby=\"caption-attachment-951\" class=\"wp-image-951 size-full\" src=\"https:\/\/www.ideomedia.com\/eng\/wp-content\/uploads\/2018\/09\/image-2.png\" alt=\"radio-canada\" width=\"300\" height=\"267\" border=\"2\" \/><\/a><p id=\"caption-attachment-951\" class=\"wp-caption-text\"><strong>Radio-Canada &#8211; Rebelles et fiers de l&#8217;\u00eatre<\/strong><\/p><\/div>\n<p><\/div><br \/>\n<div class=\"one_half column last\"><\/p>\n<div id=\"attachment_950\" style=\"width: 310px\" class=\"wp-caption alignnone\"><a href=\"https:\/\/l-express.ca\/marc-keelan-bishop-lillustrateur-de-la-resistance\/\"><img loading=\"lazy\" decoding=\"async\" aria-describedby=\"caption-attachment-950\" class=\"wp-image-950 size-full\" src=\"https:\/\/www.ideomedia.com\/fr\/wp-content\/uploads\/2019\/04\/Screen-Shot-2019-04-06-at-9.59.36-AM.png\" alt=\"L'Express\" width=\"300\" height=\"253\" border=\"2\" \/><\/a><p id=\"caption-attachment-950\" class=\"wp-caption-text\"><strong>Marc Keelan-Bishop, l&#8217;illustrateur de la r\u00e9sistance<\/strong><\/p><\/div>\n<div id=\"attachment_953\" style=\"width: 310px\" class=\"wp-caption alignnone\"><a href=\"http:\/\/www.tfo.org\/fr\/univers\/tfo-247\/100397101\/marc-keelan-bishop-humour-et-couleurs\"><img loading=\"lazy\" decoding=\"async\" aria-describedby=\"caption-attachment-953\" class=\"wp-image-953 size-full\" src=\"https:\/\/www.ideomedia.com\/eng\/wp-content\/uploads\/2018\/09\/image-5.png\" alt=\"\" width=\"300\" height=\"277\" border=\"2\" \/><\/a><p id=\"caption-attachment-953\" class=\"wp-caption-text\"><strong>TFO 24.7 &#8211; Humour et couleurs<\/strong><\/p><\/div>\n<div id=\"attachment_954\" style=\"width: 310px\" class=\"wp-caption alignnone\"><a href=\"http:\/\/www.lavoixdunord.ca\/index.php\/component\/k2\/item\/1910-les-rebelles-d-hier-envahissent-les-medias-sociaux\"><img loading=\"lazy\" decoding=\"async\" aria-describedby=\"caption-attachment-954\" class=\"wp-image-952 size-full\" src=\"https:\/\/www.ideomedia.com\/eng\/wp-content\/uploads\/2018\/09\/image-3.png\" alt=\"voixdunord\" width=\"300\" height=\"233\" border=\"2\" \/><\/a><p id=\"caption-attachment-954\" class=\"wp-caption-text\"><strong>La Voix du Nord &#8211; Les rebelles d&#8217;hier envahissent<\/strong><\/p><\/div>\n<div id=\"attachment_966\" style=\"width: 310px\" class=\"wp-caption alignnone\"><a href=\"http:\/\/www.lexpress.to\/archives\/16130\/\"><img loading=\"lazy\" decoding=\"async\" aria-describedby=\"caption-attachment-966\" class=\"wp-image-966 size-full\" src=\"https:\/\/www.ideomedia.com\/eng\/wp-content\/uploads\/2018\/09\/image-1.png\" alt=\"\" width=\"300\" height=\"234\" border=\"2\" \/><\/a><p id=\"caption-attachment-966\" class=\"wp-caption-text\"><strong>L&#8217;Express de Toronto &#8211; 400 de rebelles<\/strong><\/p><\/div>\n<p><\/div><div class=\"clearboth\"><\/div><\/p>\n","protected":false},"excerpt":{"rendered":"<p>Le studio de l\u2019illustrateur Marc Keelan-Bishop se trouve \u00e0 17 pas de la cafeti\u00e8re, avec une grande fen\u00eatre qui donne sur La Baie de Quinte, Comt\u00e9 de Prince Edward. De l\u00e0, il cr\u00e9e des illustrations \u00e9clatantes et distinctives qui communiquent. Cr\u00e9ateur de la s\u00e9rie d\u2019affiches \u00ab400 ans de rebelles francophones en Ontario\u00bb, on trouve aussi [&hellip;]<\/p>\n","protected":false},"author":1,"featured_media":0,"parent":0,"menu_order":0,"comment_status":"closed","ping_status":"closed","template":"","meta":{"footnotes":""},"class_list":["post-21","page","type-page","status-publish","hentry"],"_links":{"self":[{"href":"https:\/\/www.ideomedia.com\/fr\/wp-json\/wp\/v2\/pages\/21","targetHints":{"allow":["GET"]}}],"collection":[{"href":"https:\/\/www.ideomedia.com\/fr\/wp-json\/wp\/v2\/pages"}],"about":[{"href":"https:\/\/www.ideomedia.com\/fr\/wp-json\/wp\/v2\/types\/page"}],"author":[{"embeddable":true,"href":"https:\/\/www.ideomedia.com\/fr\/wp-json\/wp\/v2\/users\/1"}],"replies":[{"embeddable":true,"href":"https:\/\/www.ideomedia.com\/fr\/wp-json\/wp\/v2\/comments?post=21"}],"version-history":[{"count":7,"href":"https:\/\/www.ideomedia.com\/fr\/wp-json\/wp\/v2\/pages\/21\/revisions"}],"predecessor-version":[{"id":2375,"href":"https:\/\/www.ideomedia.com\/fr\/wp-json\/wp\/v2\/pages\/21\/revisions\/2375"}],"wp:attachment":[{"href":"https:\/\/www.ideomedia.com\/fr\/wp-json\/wp\/v2\/media?parent=21"}],"curies":[{"name":"wp","href":"https:\/\/api.w.org\/{rel}","templated":true}]}}