{"id":2240,"date":"2018-09-12T15:16:52","date_gmt":"2018-09-12T15:16:52","guid":{"rendered":"https:\/\/www.ideomedia.com\/fr\/?page_id=2240"},"modified":"2019-10-30T17:21:20","modified_gmt":"2019-10-30T17:21:20","slug":"visites","status":"publish","type":"page","link":"https:\/\/www.ideomedia.com\/fr\/visites\/","title":{"rendered":"R\u00e9servez une visite scolaire avec l&#8217;illustrateur Marc Keelan-Bishop"},"content":{"rendered":"<p><img loading=\"lazy\" decoding=\"async\" class=\"aligncenter size-full wp-image-2401\" src=\"https:\/\/www.ideomedia.com\/fr\/wp-content\/uploads\/2019\/10\/marctopus_webfrancais3-01-1.png\" alt=\"\" width=\"987\" height=\"1277\" srcset=\"https:\/\/www.ideomedia.com\/fr\/wp-content\/uploads\/2019\/10\/marctopus_webfrancais3-01-1.png 987w, https:\/\/www.ideomedia.com\/fr\/wp-content\/uploads\/2019\/10\/marctopus_webfrancais3-01-1-232x300.png 232w, https:\/\/www.ideomedia.com\/fr\/wp-content\/uploads\/2019\/10\/marctopus_webfrancais3-01-1-768x994.png 768w, https:\/\/www.ideomedia.com\/fr\/wp-content\/uploads\/2019\/10\/marctopus_webfrancais3-01-1-791x1024.png 791w, https:\/\/www.ideomedia.com\/fr\/wp-content\/uploads\/2019\/10\/marctopus_webfrancais3-01-1-220x285.png 220w\" sizes=\"auto, (max-width: 987px) 100vw, 987px\" \/><br \/>\n<div class=\"one_half column\"><\/p>\n<h1>Questions &amp; r\u00e9ponses<\/h1>\n<h3><strong>Quel est le format de l&#8217;atelier?<\/strong><\/h3>\n<p>En premier, nous allons d\u00e9couvrir mes illustrations et comment j&#8217;ai pris mes d\u00e9cisions cr\u00e9atives. \u00a0Ensuite on regardera la s\u00e9rie d&#8217;affiches Rebelles de l&#8217;Ontario Fran\u00e7ais afin d&#8217;explorer comment conter une histoire visuellement. Pour les plus longs ateliers, chaque \u00e9l\u00e8ve commencera \u00e0 dessiner sa propre affiche \u00ab Rebelle \u00bb.<\/p>\n<h3><strong>De quelles ressources as-tu besoin?<\/strong><\/h3>\n<p>J&#8217;aurai besoin d&#8217;un ordinateur connect\u00e9 \u00e0 un projecteur avec son, ou un \u00e9cran intelligent.<\/p>\n<p>La pr\u00e9sentation peut se faire avec les \u00e9l\u00e8ves \u00e0 leur pupitre ou assis \u00e0 des tables ou m\u00eame dans un auditorium. Pour les plus longs ateliers, les participants auront besoin de papier, de crayons et d\u2019effaces, ainsi que de marqueurs ou de crayons de couleurs.<\/p>\n<h3><strong>Quel est le nombre maximum de participants par pr\u00e9sentation?<\/strong><\/h3>\n<p>Les ateliers de 45-60 minutes peuvent \u00eatre pr\u00e9sent\u00e9s \u00e0 des grands groupes. Les plus longs ateliers peuvent incorporer jusqu&#8217;\u00e0 40 \u00e9l\u00e8ves.<\/p>\n<h3><strong>O\u00f9 se trouve ton studio?<\/strong><\/h3>\n<p>Mon studio se trouve dans le\u00a0<a title=\"Compt\u00e9 Prince Edward\" href=\"http:\/\/prince-edward-county.com\" target=\"_blank\" rel=\"noopener noreferrer\">Compt\u00e9 Prince Edward<\/a>\u00a0pr\u00e8s de\u00a0<a title=\"Belleville, Ontario\" href=\"http:\/\/goo.gl\/maps\/O997w\" target=\"_blank\" rel=\"noopener noreferrer\">Belleville en Ontario<\/a>.\u00a0Je suis \u00e0 une heure de Kingston, deux heures de Toronto, et trois heures d\u2019Ottawa.<\/p>\n<h3><strong>Est-ce que vous offrez cet atelier en anglais?<\/strong><\/h3>\n<p>Puisque cet atelier est bas\u00e9 sur les histoires de l&#8217;Ontario fran\u00e7ais, c&#8217;est offert en fran\u00e7ais seulement.<\/p>\n<p><\/div><\/p>\n<div class=\"one_half column last\"><\/p>\n<h1>Envoyez-moi un message:<\/h1>\n<p>\n<div class=\"wpcf7 no-js\" id=\"wpcf7-f2233-o1\" lang=\"en-US\" dir=\"ltr\" data-wpcf7-id=\"2233\">\n<div class=\"screen-reader-response\"><p role=\"status\" aria-live=\"polite\" aria-atomic=\"true\"><\/p> <ul><\/ul><\/div>\n<form action=\"\/fr\/wp-json\/wp\/v2\/pages\/2240#wpcf7-f2233-o1\" method=\"post\" class=\"wpcf7-form init\" aria-label=\"Contact form\" novalidate=\"novalidate\" data-status=\"init\">\n<fieldset class=\"hidden-fields-container\"><input type=\"hidden\" name=\"_wpcf7\" value=\"2233\" \/><input type=\"hidden\" name=\"_wpcf7_version\" value=\"6.1.5\" \/><input type=\"hidden\" name=\"_wpcf7_locale\" value=\"en_US\" \/><input type=\"hidden\" name=\"_wpcf7_unit_tag\" value=\"wpcf7-f2233-o1\" \/><input type=\"hidden\" name=\"_wpcf7_container_post\" value=\"0\" \/><input type=\"hidden\" name=\"_wpcf7_posted_data_hash\" value=\"\" \/>\n<\/fieldset>\n<p><strong>Votre nom<\/strong><br \/>\n<span class=\"wpcf7-form-control-wrap\" data-name=\"your-name\"><input size=\"40\" maxlength=\"400\" class=\"wpcf7-form-control wpcf7-text\" aria-invalid=\"false\" value=\"\" type=\"text\" name=\"your-name\" \/><\/span>\n<\/p>\n<p><strong>Votre courriel<\/strong><br \/>\n<span class=\"wpcf7-form-control-wrap\" data-name=\"your-email\"><input size=\"40\" maxlength=\"400\" class=\"wpcf7-form-control wpcf7-email wpcf7-text wpcf7-validates-as-email\" aria-invalid=\"false\" value=\"\" type=\"email\" name=\"your-email\" \/><\/span>\n<\/p>\n<p><strong>Nom de l'\u00e9cole<\/strong><br \/>\n<span class=\"wpcf7-form-control-wrap\" data-name=\"ecole\"><input size=\"40\" maxlength=\"400\" class=\"wpcf7-form-control wpcf7-text\" aria-invalid=\"false\" value=\"\" type=\"text\" name=\"ecole\" \/><\/span>\n<\/p>\n<p><strong>Votre message<\/strong><br \/>\n<span class=\"wpcf7-form-control-wrap\" data-name=\"your-message\"><textarea cols=\"40\" rows=\"3\" maxlength=\"2000\" class=\"wpcf7-form-control wpcf7-textarea\" aria-invalid=\"false\" name=\"your-message\"><\/textarea><\/span>\n<\/p>\n<table border=\"0\" cellpadding=\"4\">\n\t<tr>\n\t\t<td align=\"middle\">\n\t\t\t<p><strong>\u00c9crivez ce code<\/strong>\n\t\t\t<\/p>\n\t\t<\/td>\n\t\t<td align=\"middle\">\n\t\t\t<p><input type=\"hidden\" name=\"_wpcf7_captcha_challenge_captcha-236\" value=\"1849690928\" \/><img loading=\"lazy\" decoding=\"async\" class=\"wpcf7-form-control wpcf7-captchac wpcf7-captcha-captcha-236\" width=\"60\" height=\"20\" alt=\"captcha\" src=\"https:\/\/www.ideomedia.com\/fr\/wp-content\/uploads\/wpcf7_captcha\/1849690928.png\" \/>\n\t\t\t<\/p>\n\t\t<\/td>\n\t\t<td align=\"middle\">\n\t\t\t<p><span class=\"wpcf7-form-control-wrap\" data-name=\"captcha-236\"><input size=\"4\" maxlength=\"4\" class=\"wpcf7-form-control wpcf7-captchar\" autocomplete=\"off\" aria-invalid=\"false\" value=\"\" type=\"text\" name=\"captcha-236\" \/><\/span>\n\t\t\t<\/p>\n\t\t<\/td>\n\t\t<td align=\"middle\">\n\t\t\t<p><input class=\"wpcf7-form-control wpcf7-submit has-spinner\" type=\"submit\" value=\"Envoyer\" \/>\n\t\t\t<\/p>\n\t\t<\/td>\n\t<\/tr>\n<\/table><div class=\"wpcf7-response-output\" aria-hidden=\"true\"><\/div>\n<\/form>\n<\/div>\n<br \/>\n<\/div><div class=\"clearboth\"><\/div>\n","protected":false},"excerpt":{"rendered":"","protected":false},"author":1,"featured_media":0,"parent":0,"menu_order":0,"comment_status":"closed","ping_status":"closed","template":"","meta":{"footnotes":""},"class_list":["post-2240","page","type-page","status-publish","hentry"],"_links":{"self":[{"href":"https:\/\/www.ideomedia.com\/fr\/wp-json\/wp\/v2\/pages\/2240","targetHints":{"allow":["GET"]}}],"collection":[{"href":"https:\/\/www.ideomedia.com\/fr\/wp-json\/wp\/v2\/pages"}],"about":[{"href":"https:\/\/www.ideomedia.com\/fr\/wp-json\/wp\/v2\/types\/page"}],"author":[{"embeddable":true,"href":"https:\/\/www.ideomedia.com\/fr\/wp-json\/wp\/v2\/users\/1"}],"replies":[{"embeddable":true,"href":"https:\/\/www.ideomedia.com\/fr\/wp-json\/wp\/v2\/comments?post=2240"}],"version-history":[{"count":7,"href":"https:\/\/www.ideomedia.com\/fr\/wp-json\/wp\/v2\/pages\/2240\/revisions"}],"predecessor-version":[{"id":2625,"href":"https:\/\/www.ideomedia.com\/fr\/wp-json\/wp\/v2\/pages\/2240\/revisions\/2625"}],"wp:attachment":[{"href":"https:\/\/www.ideomedia.com\/fr\/wp-json\/wp\/v2\/media?parent=2240"}],"curies":[{"name":"wp","href":"https:\/\/api.w.org\/{rel}","templated":true}]}}